{"id":17501,"date":"2024-01-14T22:59:21","date_gmt":"2024-01-14T22:59:21","guid":{"rendered":"https:\/\/dentalhouseclinic.al\/?page_id=17501"},"modified":"2025-04-21T12:08:09","modified_gmt":"2025-04-21T12:08:09","slug":"vendet-te-cilat-duhet-ti-vizitoni-ne-tirane","status":"publish","type":"page","link":"https:\/\/albdentclinic.com\/?page_id=17501","title":{"rendered":"Vendet te cilat duhet ti vizitoni ne Tirane"},"content":{"rendered":"\t\t<div data-elementor-type=\"wp-page\" data-elementor-id=\"17501\" class=\"elementor elementor-17501\">\n\t\t\t\t\t\t\t\t\t<section class=\"elementor-section elementor-top-section elementor-element elementor-element-6adaf9c elementor-section-stretched elementor-section-height-min-height elementor-section-boxed elementor-section-height-default elementor-section-items-middle\" data-id=\"6adaf9c\" data-element_type=\"section\" data-settings=\"{&quot;stretch_section&quot;:&quot;section-stretched&quot;,&quot;background_background&quot;:&quot;classic&quot;}\">\n\t\t\t\t\t\t\t<div class=\"elementor-background-overlay\"><\/div>\n\t\t\t\t\t\t\t<div class=\"elementor-container elementor-column-gap-default\">\n\t\t\t\t\t<div class=\"elementor-column elementor-col-100 elementor-top-column elementor-element elementor-element-c339cde\" data-id=\"c339cde\" data-element_type=\"column\">\n\t\t\t<div class=\"elementor-widget-wrap elementor-element-populated\">\n\t\t\t\t\t\t\t\t<div class=\"elementor-element elementor-element-cbf42ac elementor-widget elementor-widget-heading\" data-id=\"cbf42ac\" data-element_type=\"widget\" data-widget_type=\"heading.default\">\n\t\t\t\t<div class=\"elementor-widget-container\">\n\t\t\t<style>\/*! elementor - v3.18.0 - 06-12-2023 *\/\n.elementor-heading-title{padding:0;margin:0;line-height:1}.elementor-widget-heading .elementor-heading-title[class*=elementor-size-]>a{color:inherit;font-size:inherit;line-height:inherit}.elementor-widget-heading .elementor-heading-title.elementor-size-small{font-size:15px}.elementor-widget-heading .elementor-heading-title.elementor-size-medium{font-size:19px}.elementor-widget-heading .elementor-heading-title.elementor-size-large{font-size:29px}.elementor-widget-heading .elementor-heading-title.elementor-size-xl{font-size:39px}.elementor-widget-heading .elementor-heading-title.elementor-size-xxl{font-size:59px}<\/style><h2 class=\"elementor-heading-title elementor-size-default\">Vendet te cilat duhet ti vizitoni ne Tirane<\/h2>\t\t<\/div>\n\t\t\t\t<\/div>\n\t\t\t\t\t<\/div>\n\t\t<\/div>\n\t\t\t\t\t\t\t<\/div>\n\t\t<\/section>\n\t\t<div class=\"elementor-element elementor-element-df48bbb e-flex e-con-boxed e-con e-parent\" data-id=\"df48bbb\" data-element_type=\"container\" data-settings=\"{&quot;content_width&quot;:&quot;boxed&quot;}\" data-core-v316-plus=\"true\">\n\t\t\t\t\t<div class=\"e-con-inner\">\n\t\t\t\t<div class=\"elementor-element elementor-element-7392a37 elementor-widget elementor-widget-heading\" data-id=\"7392a37\" data-element_type=\"widget\" data-widget_type=\"heading.default\">\n\t\t\t\t<div class=\"elementor-widget-container\">\n\t\t\t<h2 class=\"elementor-heading-title elementor-size-default\">Shqip\u00ebria dhe Turizmi Dentar: \u00c7far\u00eb Duhet t\u00eb Dini<\/h2>\t\t<\/div>\n\t\t\t\t<\/div>\n\t\t\t\t\t<\/div>\n\t\t\t\t<\/div>\n\t\t<div class=\"elementor-element elementor-element-32e8caa e-flex e-con-boxed e-con e-parent\" data-id=\"32e8caa\" data-element_type=\"container\" data-settings=\"{&quot;content_width&quot;:&quot;boxed&quot;}\" data-core-v316-plus=\"true\">\n\t\t\t\t\t<div class=\"e-con-inner\">\n\t\t\t\t<div class=\"elementor-element elementor-element-1d93ad3 elementor-widget elementor-widget-text-editor\" data-id=\"1d93ad3\" data-element_type=\"widget\" data-widget_type=\"text-editor.default\">\n\t\t\t\t<div class=\"elementor-widget-container\">\n\t\t\t<style>\/*! elementor - v3.18.0 - 06-12-2023 *\/\n.elementor-widget-text-editor.elementor-drop-cap-view-stacked .elementor-drop-cap{background-color:#69727d;color:#fff}.elementor-widget-text-editor.elementor-drop-cap-view-framed .elementor-drop-cap{color:#69727d;border:3px solid;background-color:transparent}.elementor-widget-text-editor:not(.elementor-drop-cap-view-default) .elementor-drop-cap{margin-top:8px}.elementor-widget-text-editor:not(.elementor-drop-cap-view-default) .elementor-drop-cap-letter{width:1em;height:1em}.elementor-widget-text-editor .elementor-drop-cap{float:left;text-align:center;line-height:1;font-size:50px}.elementor-widget-text-editor .elementor-drop-cap-letter{display:inline-block}<\/style>\t\t\t\t<p>T\u00eb gjith\u00eb ata q\u00eb k\u00ebrkojn\u00eb t\u00eb ruajn\u00eb sh\u00ebndetin e tyre dhe n\u00eb t\u00eb nj\u00ebjt\u00ebn koh\u00eb t\u00eb ken\u00eb p\u00ebrvoj\u00ebn m\u00eb t\u00eb jasht\u00ebzakonshme, duhet t\u00eb din\u00eb se Shqip\u00ebria \u00ebsht\u00eb vendi i duhur p\u00ebr ta arritur k\u00ebt\u00eb. Vendet e jasht\u00ebzakonshme dhe bukurit\u00eb natyrore do t&#8217;ju l\u00ebn\u00eb t\u00eb mahnitur dhe do t&#8217;ju sigurojn\u00eb koh\u00ebn m\u00eb t\u00eb mir\u00eb q\u00eb mund t\u00eb kaloni, por sigurisht jo vet\u00ebm kaq. Do t\u00eb mund t\u00eb kaloni nj\u00eb koh\u00eb t\u00eb jasht\u00ebzakonshme dhe n\u00eb t\u00eb nj\u00ebjt\u00ebn koh\u00eb, t\u00eb merrni sh\u00ebrbimet m\u00eb t\u00eb mira dentare dhe p\u00ebrfitimet e sh\u00ebndetit oral.\u00a0<\/p><p>\u00cbsht\u00eb e sigurt q\u00eb jeni n\u00eb dijeni t\u00eb rritjes s\u00eb numrit t\u00eb turist\u00ebve n\u00eb Shqip\u00ebri, p\u00ebr shkak t\u00eb cil\u00ebsis\u00eb s\u00eb mahnitshme t\u00eb sh\u00ebndetit t\u00eb dh\u00ebmb\u00ebve. \u00cbsht\u00eb shum\u00eb normale q\u00eb ju t\u00eb k\u00ebrkoni sh\u00ebrbimet m\u00eb t\u00eb mira, por edhe me \u00e7mimet m\u00eb t\u00eb p\u00ebrballueshme, gj\u00eb q\u00eb Shqip\u00ebria mund t\u00eb garantoj\u00eb p\u00ebr ju. P\u00ebr shkak t\u00eb taksave dhe pagave t\u00eb ul\u00ebta, trajtimet dentare nuk jan\u00eb aq t\u00eb shtrenjta sa n\u00eb vendet e tjera, por kjo nuk do t\u00eb thot\u00eb se cil\u00ebsia e sh\u00ebrbimit \u00ebsht\u00eb m\u00eb e ul\u00ebt se ajo q\u00eb do t\u00eb merrnit n\u00eb klinikat m\u00eb t\u00eb mira.\u00a0<\/p><p>Klinikat m\u00eb t\u00eb mira dhe ekipi i mir\u00eb-trajnuar i dentist\u00ebve ju presin p\u00ebr t\u00eb treguar p\u00ebrfitimet e sh\u00ebndetit oral n\u00eb Shqip\u00ebri, si dhe p\u00ebr t&#8217;ju garantuar rezultatet m\u00eb t\u00eb mahnitshme. Sigurohuni q\u00eb t\u00eb vendosni se \u00e7far\u00eb \u00ebsht\u00eb m\u00eb e mira p\u00ebr ju dhe mos e humbisni k\u00ebt\u00eb mund\u00ebsi!\u00a0<\/p>\t\t\t\t\t\t<\/div>\n\t\t\t\t<\/div>\n\t\t\t\t<div class=\"elementor-element elementor-element-39c7603 elementor-widget elementor-widget-heading\" data-id=\"39c7603\" data-element_type=\"widget\" data-widget_type=\"heading.default\">\n\t\t\t\t<div class=\"elementor-widget-container\">\n\t\t\t<h2 class=\"elementor-heading-title elementor-size-default\">Gj\u00ebra p\u00ebr t\u00eb B\u00ebr\u00eb n\u00eb Tiran\u00eb, Shqip\u00ebri<\/h2>\t\t<\/div>\n\t\t\t\t<\/div>\n\t\t\t\t\t<\/div>\n\t\t\t\t<\/div>\n\t\t<div class=\"elementor-element elementor-element-7e73e3c e-flex e-con-boxed e-con e-parent\" data-id=\"7e73e3c\" data-element_type=\"container\" data-settings=\"{&quot;content_width&quot;:&quot;boxed&quot;}\" data-core-v316-plus=\"true\">\n\t\t\t\t\t<div class=\"e-con-inner\">\n\t\t\t\t<div class=\"elementor-element elementor-element-24441d7 elementor-widget elementor-widget-text-editor\" data-id=\"24441d7\" data-element_type=\"widget\" data-widget_type=\"text-editor.default\">\n\t\t\t\t<div class=\"elementor-widget-container\">\n\t\t\t\t\t\t\t<p><strong>1 Liqeni i Bovill\u00ebs<\/strong><\/p><p>Rezervuari i Bovill\u00ebs \u00ebsht\u00eb rezervuari m\u00eb i madh n\u00eb rrethin e Tiran\u00ebs. Rezervuari furnizohet me uj\u00eb nga lumi Terkuze, i cili del nga pjesa veriore e Malit me Gropa dhe uj\u00ebrat e shirave t\u00eb kodrave p\u00ebrreth. Liqeni \u00ebsht\u00eb i rrethuar nga nj\u00eb varg malor. Pamja \u00ebsht\u00eb thjesht e mahnitshme.<\/p><p><img fetchpriority=\"high\" decoding=\"async\" class=\"wp-image-17516 aligncenter\" src=\"http:\/\/dentalhouseclinic.al\/wp-content\/uploads\/2024\/01\/Beautiful-places-around-Tirana-3-300x200.jpg\" alt=\"\" width=\"585\" height=\"390\" \/><\/p><p>\u00a0<\/p><p><strong>2\u00a0Shpella e Pellumbasit<\/strong><\/p><p>Shpella e P\u00ebllumbasit, ose Shpella e Zez\u00eb, \u00ebsht\u00eb rreth nj\u00eb or\u00eb udh\u00ebtim jasht\u00eb fshatit P\u00ebllumbas, q\u00eb ndodhet 27 km n\u00eb juglindje t\u00eb Tiran\u00ebs. Shpella \u00ebsht\u00eb af\u00ebrsisht 360 metra e thell\u00eb, dhe brenda gjenden stalagmite dhe stalaktite mbres\u00ebl\u00ebn\u00ebse, si dhe lakuriq nate q\u00eb fluturojn\u00eb rreth shpell\u00ebs.<\/p><p><img decoding=\"async\" class=\"wp-image-17517 aligncenter\" src=\"http:\/\/dentalhouseclinic.al\/wp-content\/uploads\/2024\/01\/Beautiful-places-around-Tirana-2-300x200.jpg\" alt=\"\" width=\"569\" height=\"379\" \/><\/p><p>\u00a0<\/p><p><strong>3 Kanioni i Erzenit<\/strong><\/p><p>Ky \u00ebsht\u00eb kanioni m\u00eb i bukur n\u00eb zon\u00ebn e Tiran\u00ebs. Lumi Erzeni \u00ebsht\u00eb 1.08 km i gjat\u00eb, me norm\u00eb rrjedh\u00ebse prej 102 l \/ sek. Uji i k\u00ebtij lumi, i cili ka rrjedhur n\u00ebp\u00ebr nj\u00eb terren shk\u00ebmbor gjat\u00eb shekujve, ka krijuar kanione spektakolare.<\/p><p><img decoding=\"async\" class=\"wp-image-17518 aligncenter\" src=\"http:\/\/dentalhouseclinic.al\/wp-content\/uploads\/2024\/01\/Beautiful-places-around-Tirana-9-300x200.jpg\" alt=\"\" width=\"599\" height=\"399\" \/><\/p><p><strong>4 Shtegu i Gjelber<\/strong><\/p><p>\u00a0<\/p><p>&#8220;Shtegu i Gjelb\u00ebr&#8221; mbulon nj\u00eb rrug\u00eb 40 km duke filluar nga kodrat e Liqenit Artificial drejt kuror\u00ebs s\u00eb gjelb\u00ebr t\u00eb kryeqytetit derisa t\u00eb arrini n\u00eb qytetin e Durr\u00ebsit. \u00cbsht\u00eb nj\u00eb shteg p\u00ebr udh\u00ebtim me bi\u00e7iklet\u00eb. Ju mund t\u00eb shihni bukurit\u00eb mahnit\u00ebse t\u00eb fshatrave, liqeneve dhe kodrave, t\u00eb takoni njer\u00ebz dhe t\u00eb shijoni natyr\u00ebn fantastike.<\/p><p><img loading=\"lazy\" decoding=\"async\" class=\"wp-image-17519 aligncenter\" src=\"http:\/\/dentalhouseclinic.al\/wp-content\/uploads\/2024\/01\/Beautiful-places-around-Tirana-8-300x200.jpg\" alt=\"\" width=\"574\" height=\"382\" \/><\/p><p><strong>5 Mali i Dajtit<\/strong><\/p><p>Duhen vet\u00ebm 13 minuta udh\u00ebtim me teleferik p\u00ebr t&#8217;u ngjitur n\u00eb Malin e lart\u00eb t\u00eb Tiran\u00ebs, Dajt, 1613 m. Udh\u00ebtimi ofron nj\u00eb panoram\u00eb t\u00eb jet\u00ebs n\u00eb fshat dhe pamjen e gjer\u00eb t\u00eb kryeqytetit. Kur t\u00eb arrini n\u00eb krye, pamja \u00ebsht\u00eb v\u00ebrtet\u00eb frym\u00ebzuese. Nuk nuk ka r\u00ebnd\u00ebsi n\u00ebse \u00ebsht\u00eb pranver\u00eb, ver\u00eb, vjesht\u00eb apo dim\u00ebr, Parku Komb\u00ebta i Dajtit \u00ebsht\u00eb gjithmon\u00eb i bukur.<\/p><p><img loading=\"lazy\" decoding=\"async\" class=\"wp-image-17520 aligncenter\" src=\"http:\/\/dentalhouseclinic.al\/wp-content\/uploads\/2024\/01\/Beautiful-places-around-Tirana-7-300x200.jpg\" alt=\"\" width=\"578\" height=\"385\" \/><\/p><p><strong>6 Uj\u00ebvara e Shengjergjit<\/strong><\/p><p>Uj\u00ebvara e Shengjergjit \u00ebsht\u00eb nj\u00eb tjet\u00ebr thesar i natyr\u00ebs n\u00eb rrethinat e Tiran\u00ebs. Ajo ndodhet pran\u00eb fshatit Shegjin, n\u00eb rrethin e Shengjergjit, Tiran\u00eb. \u00c7dokush mund t\u00eb shkoj\u00eb atje, sepse rruga \u00ebsht\u00eb n\u00eb gjendje t\u00eb mir\u00eb dhe mund t\u00eb shkosh me makin\u00eb.<\/p><p><img loading=\"lazy\" decoding=\"async\" class=\"wp-image-17521 aligncenter\" src=\"http:\/\/dentalhouseclinic.al\/wp-content\/uploads\/2024\/01\/Beautiful-places-around-Tirana-4-300x200.jpg\" alt=\"\" width=\"593\" height=\"395\" \/><\/p><p><strong>7 Shpella e Valit<\/strong><\/p><p>Shpella e Valit ndodhet n\u00eb fshatin Shengjergj t\u00eb Tiran\u00ebs. Shpella \u00ebsht\u00eb monument natyror i mbrojtur nga Agjencia Komb\u00ebtare e Zonave t\u00eb Mbrojtura. Kjo \u00ebsht\u00eb nj\u00eb shpell\u00eb me t\u00eb v\u00ebrtet\u00eb e ve\u00e7ant\u00eb. N\u00eb k\u00ebt\u00eb shpell\u00eb p\u00ebrfundon lumi i Biz\u00ebs.<\/p><p><img loading=\"lazy\" decoding=\"async\" class=\"wp-image-17522 aligncenter\" src=\"http:\/\/dentalhouseclinic.al\/wp-content\/uploads\/2024\/01\/Beautiful-places-around-Tirana-1-300x200.jpg\" alt=\"\" width=\"617\" height=\"411\" \/><\/p><p><strong>8 Liqeni i Tiran\u00ebs<\/strong><\/p><p>Parku i Madh i Tiran\u00ebs \u00ebsht\u00eb nj\u00eb domosdoshm\u00ebri p\u00ebr t\u00eb gjith\u00eb vizitor\u00ebt n\u00eb qytet, t\u00eb rinj dhe t\u00eb vjet\u00ebr. \u00cbsht\u00eb zona m\u00eb e madhe e gjelb\u00ebr q\u00eb mund t\u00eb arrihet me k\u00ebmb\u00eb dhe nj\u00eb vend i p\u00ebrkryer p\u00ebr t&#8217;u larguar nga zhurma e qytetit. Qytetar\u00ebt e Tiran\u00ebs vijn\u00eb k\u00ebtu shpesh pasditeve dhe zakonisht t\u00eb dielave, p\u00ebr t\u00eb ecur, p\u00ebr t\u00eb marr\u00eb shijuar nj\u00eb kafe pran\u00eb liqeit ose p\u00ebr t\u00eb sh\u00ebtitur me bi\u00e7iklet\u00eb.<\/p><p><img loading=\"lazy\" decoding=\"async\" class=\"wp-image-17523 aligncenter\" src=\"http:\/\/dentalhouseclinic.al\/wp-content\/uploads\/2024\/01\/Beautiful-places-around-Tirana-5-300x200.jpg\" alt=\"\" width=\"563\" height=\"375\" \/><\/p><p><strong>9 Kalaja e Petrel\u00ebs<\/strong><\/p><p>Petrela ndodhet 12 kilometra n\u00eb juglindje t\u00eb kryeqytetit, p\u00ebr t\u00eb shkuar atje duhet t\u00eb ndjek\u00ebsh rrug\u00ebn komb\u00ebtare Tiran\u00eb-Elbasan. Fshatrat e saj shtrihen n\u00eb t\u00eb dy an\u00ebt e lugin\u00ebs s\u00eb bukur t\u00eb Erzenit, p\u00ebrgjat\u00eb gjysm\u00ebs s\u00eb gjat\u00ebsis\u00eb s\u00eb tij. Duke marr\u00eb parasysh form\u00ebn e formimit fizik me fusha, kodra dhe lugina, lumi dhuron nj\u00eb kontrast t\u00eb<\/p><p><img loading=\"lazy\" decoding=\"async\" class=\"wp-image-17524 aligncenter\" src=\"http:\/\/dentalhouseclinic.al\/wp-content\/uploads\/2024\/01\/Beautiful-places-around-Tirana-6-300x200.jpg\" alt=\"\" width=\"561\" height=\"374\" \/><\/p><p>\u00a0<\/p><p><strong>10 Liqeni i Fark\u00ebs<\/strong><\/p><p>Fshati Fark\u00eb \u00ebsht\u00eb 8 km larg nga qendra e Tiran\u00ebs, n\u00eb lindje t\u00eb kryeqytetit. Fshati ka marr\u00eb emrin nga fark\u00ebtar\u00ebt e zon\u00ebs. N\u00eb zem\u00ebr t\u00eb fshatit ndodhet liqeni i bukur me t\u00eb nj\u00ebjtin em\u00ebr si fshati, Liqeni I Fark\u00ebs.<\/p><p><img loading=\"lazy\" decoding=\"async\" class=\"wp-image-17525 aligncenter\" src=\"http:\/\/dentalhouseclinic.al\/wp-content\/uploads\/2024\/01\/Beautiful-places-around-Tirana-10-300x200.jpg\" alt=\"\" width=\"577\" height=\"384\" \/><\/p><p>\u00a0<\/p>\t\t\t\t\t\t<\/div>\n\t\t\t\t<\/div>\n\t\t\t\t\t<\/div>\n\t\t\t\t<\/div>\n\t\t\t\t\t\t\t<\/div>\n\t\t","protected":false},"excerpt":{"rendered":"<p>Shqip\u00ebria dhe Turizmi Dentar: \u00c7far\u00eb Duhet t\u00eb Dini T\u00eb gjith\u00eb ata q\u00eb k\u00ebrkojn\u00eb t\u00eb ruajn\u00eb sh\u00ebndetin e tyre dhe n\u00eb t\u00eb nj\u00ebjt\u00ebn koh\u00eb t\u00eb ken\u00eb p\u00ebrvoj\u00ebn m\u00eb t\u00eb jasht\u00ebzakonshme, duhet t\u00eb din\u00eb se Shqip\u00ebria \u00ebsht\u00eb vendi i duhur p\u00ebr ta arritur k\u00ebt\u00eb. Vendet e jasht\u00ebzakonshme dhe bukurit\u00eb natyrore do t&#8217;ju l\u00ebn\u00eb t\u00eb mahnitur dhe do [&hellip;]<\/p>\n","protected":false},"author":1,"featured_media":0,"parent":0,"menu_order":0,"comment_status":"closed","ping_status":"closed","template":"elementor_header_footer","meta":{"_joinchat":[],"footnotes":""},"class_list":["post-17501","page","type-page","status-publish","hentry"],"acf":[],"_links":{"self":[{"href":"https:\/\/albdentclinic.com\/index.php?rest_route=\/wp\/v2\/pages\/17501","targetHints":{"allow":["GET"]}}],"collection":[{"href":"https:\/\/albdentclinic.com\/index.php?rest_route=\/wp\/v2\/pages"}],"about":[{"href":"https:\/\/albdentclinic.com\/index.php?rest_route=\/wp\/v2\/types\/page"}],"author":[{"embeddable":true,"href":"https:\/\/albdentclinic.com\/index.php?rest_route=\/wp\/v2\/users\/1"}],"replies":[{"embeddable":true,"href":"https:\/\/albdentclinic.com\/index.php?rest_route=%2Fwp%2Fv2%2Fcomments&post=17501"}],"version-history":[{"count":5,"href":"https:\/\/albdentclinic.com\/index.php?rest_route=\/wp\/v2\/pages\/17501\/revisions"}],"predecessor-version":[{"id":18596,"href":"https:\/\/albdentclinic.com\/index.php?rest_route=\/wp\/v2\/pages\/17501\/revisions\/18596"}],"wp:attachment":[{"href":"https:\/\/albdentclinic.com\/index.php?rest_route=%2Fwp%2Fv2%2Fmedia&parent=17501"}],"curies":[{"name":"wp","href":"https:\/\/api.w.org\/{rel}","templated":true}]}}